{"id":1291,"date":"2025-11-29T14:10:58","date_gmt":"2025-11-29T13:10:58","guid":{"rendered":"https:\/\/www.yoga50plus.de\/?page_id=1291"},"modified":"2025-11-29T14:13:02","modified_gmt":"2025-11-29T13:13:02","slug":"vertrag-widerrufen","status":"publish","type":"page","link":"https:\/\/www.yoga50plus.de\/en\/vertrag-widerrufen\/","title":{"rendered":"Vertrag widerrufen"},"content":{"rendered":"<h1>\n\t\t\tyoga50plus &#8211; Willem Wittstamm\t<\/h1>\n<h4>\n\t\t\tBecause the Best is Yet to Come!\t<\/h4>\n\tHier klicken um den Trenner zu bearbeiten. Dieser Text wird nur im Editor-Modus angezeigt und wird nach dem Ver\u00f6ffentlichen verschwinden.\n<h2>\n\t\t\tVertrags-Widerruf\t<\/h2>\n\t<p>Mithilfe dieses Formulars k\u00f6nnen Sie den mit uns geschlossenen Vertrag widerrufen.<\/p>\n\t<strong><a href=\"https:\/\/www.yoga50plus.de\/en\/vertrag-widerrufen\/\">VERTRAGS-WIDERRUF<\/a><br \/>\n<a href=\"https:\/\/www.yoga50plus.de\/en\/impressum\/\">IMPRESSUM<\/a> \/ <a href=\"https:\/\/www.yoga50plus.de\/en\/ueber-mich\/#ich\">KONTAKT<\/a> \/ <a href=\"https:\/\/www.yoga50plus.de\/en\/datenschutzerklaerung\/\">DATENSCHUTZ<\/a><\/strong>","protected":false},"excerpt":{"rendered":"<p>yoga50plus &#8211; Willem Wittstamm Lebenslust und Spannkraft f\u00fcr Alle! Hier klicken um den Trenner zu bearbeiten. Dieser Text wird nur im Editor-Modus angezeigt und wird nach dem Ver\u00f6ffentlichen verschwinden. Vertrags-Widerruf Mithilfe dieses Formulars k\u00f6nnen Sie den mit uns geschlossenen Vertrag widerrufen. VERTRAGS-WIDERRUF IMPRESSUM \/ KONTAKT \/ DATENSCHUTZ<\/p>","protected":false},"author":1,"featured_media":0,"parent":0,"menu_order":0,"comment_status":"closed","ping_status":"closed","template":"","meta":{"footnotes":""},"class_list":["post-1291","page","type-page","status-publish","hentry"],"_links":{"self":[{"href":"https:\/\/www.yoga50plus.de\/en\/wp-json\/wp\/v2\/pages\/1291","targetHints":{"allow":["GET"]}}],"collection":[{"href":"https:\/\/www.yoga50plus.de\/en\/wp-json\/wp\/v2\/pages"}],"about":[{"href":"https:\/\/www.yoga50plus.de\/en\/wp-json\/wp\/v2\/types\/page"}],"author":[{"embeddable":true,"href":"https:\/\/www.yoga50plus.de\/en\/wp-json\/wp\/v2\/users\/1"}],"replies":[{"embeddable":true,"href":"https:\/\/www.yoga50plus.de\/en\/wp-json\/wp\/v2\/comments?post=1291"}],"version-history":[{"count":3,"href":"https:\/\/www.yoga50plus.de\/en\/wp-json\/wp\/v2\/pages\/1291\/revisions"}],"predecessor-version":[{"id":1297,"href":"https:\/\/www.yoga50plus.de\/en\/wp-json\/wp\/v2\/pages\/1291\/revisions\/1297"}],"wp:attachment":[{"href":"https:\/\/www.yoga50plus.de\/en\/wp-json\/wp\/v2\/media?parent=1291"}],"curies":[{"name":"wp","href":"https:\/\/api.w.org\/{rel}","templated":true}]}}