{"id":1338,"date":"2026-03-03T21:37:20","date_gmt":"2026-03-03T20:37:20","guid":{"rendered":"https:\/\/www.yoga50plus.de\/?page_id=1338"},"modified":"2026-03-03T21:46:56","modified_gmt":"2026-03-03T20:46:56","slug":"der-sonnengruss","status":"publish","type":"page","link":"https:\/\/www.yoga50plus.de\/en\/der-sonnengruss\/","title":{"rendered":"Der Sonnengru\u00df"},"content":{"rendered":"<h1>\n\t\t\tyoga50plus &#8211; Willem Wittstamm\t<\/h1>\n<h4>\n\t\t\tBecause the Best is Yet to Come!\t<\/h4>\n\tHier klicken um den Trenner zu bearbeiten. Dieser Text wird nur im Editor-Modus angezeigt und wird nach dem Ver\u00f6ffentlichen verschwinden.\n<h2>\n\t\t\tDer Sonnengru\u00df\t<\/h2>\n<figure itemscope itemtype=\"https:\/\/schema.org\/ImageObject\">\n\t\t\t\t<a href=\"https:\/\/www.yoga50plus.de\/wp-content\/uploads\/2026\/03\/sonnengruss1.jpg\"  target=\"_self\" itemprop=\"url\">\n\t\t\t\t<img decoding=\"async\" src=\"https:\/\/www.yoga50plus.de\/wp-content\/uploads\/2026\/03\/sonnengruss1.jpg\" alt=\"sonnengruss1\" height=\"770\" width=\"514\" title=\"sonnengruss1\" onerror=\"this.style.display='none'\" loading=\"lazy\" \/>\n\t\t\t\t<\/a>\n\t<\/figure>\n<figure itemscope itemtype=\"https:\/\/schema.org\/ImageObject\">\n\t\t\t\t<a href=\"https:\/\/www.yoga50plus.de\/wp-content\/uploads\/2026\/03\/sonnengruss2.jpg\"  target=\"_self\" itemprop=\"url\">\n\t\t\t\t<img decoding=\"async\" src=\"https:\/\/www.yoga50plus.de\/wp-content\/uploads\/2026\/03\/sonnengruss2.jpg\" alt=\"sonnengruss2\" height=\"776\" width=\"477\" title=\"sonnengruss2\" onerror=\"this.style.display='none'\" loading=\"lazy\" \/>\n\t\t\t\t<\/a>\n\t<\/figure>\n\t\t\t<a href=\"https:\/\/yoga50plus.de\/wp-content\/uploads\/2021\/07\/Sonnengruss-2019-web.pdf\"  target=\"_self\">\n\t\t\t\t\t\t\tDer Sonnengru\u00df &#8211; runterladen\n\t\t\t<\/a>\n\tHier klicken um den Trenner zu bearbeiten. Dieser Text wird nur im Editor-Modus angezeigt und wird nach dem Ver\u00f6ffentlichen verschwinden.\n\tHier klicken um den Trenner zu bearbeiten. Dieser Text wird nur im Editor-Modus angezeigt und wird nach dem Ver\u00f6ffentlichen verschwinden.\n<h2>\n\t\t\tNewsletter\t<\/h2>\n\t<p>Maybe you are interested in my quarterly newsletter dealing with developments and insights around many 50plus-topics like scientific research, health issues, meditation and asana. Subscribe here.<\/p>\n\t<strong><a href=\"https:\/\/www.yoga50plus.de\/en\/vertrag-widerrufen\/\">VERTRAGS-WIDERRUF<\/a><br \/>\n<a href=\"https:\/\/www.yoga50plus.de\/en\/impressum\/\">IMPRESSUM<\/a> \/ <a href=\"https:\/\/www.yoga50plus.de\/en\/ueber-mich\/#ich\">KONTAKT<\/a> \/ <a href=\"https:\/\/www.yoga50plus.de\/en\/datenschutzerklaerung\/\">DATENSCHUTZ<\/a><\/strong>","protected":false},"excerpt":{"rendered":"<p>yoga50plus &#8211; Willem Wittstamm Lebenslust und Spannkraft f\u00fcr Alle! Hier klicken um den Trenner zu bearbeiten. Dieser Text wird nur im Editor-Modus angezeigt und wird nach dem Ver\u00f6ffentlichen verschwinden. Der Sonnengru\u00df Der Sonnengru\u00df &#8211; runterladen Hier klicken um den Trenner zu bearbeiten. Dieser Text wird nur im Editor-Modus angezeigt und wird nach dem Ver\u00f6ffentlichen verschwinden.&hellip;<\/p>","protected":false},"author":1,"featured_media":0,"parent":0,"menu_order":0,"comment_status":"closed","ping_status":"closed","template":"","meta":{"footnotes":""},"class_list":["post-1338","page","type-page","status-publish","hentry"],"_links":{"self":[{"href":"https:\/\/www.yoga50plus.de\/en\/wp-json\/wp\/v2\/pages\/1338","targetHints":{"allow":["GET"]}}],"collection":[{"href":"https:\/\/www.yoga50plus.de\/en\/wp-json\/wp\/v2\/pages"}],"about":[{"href":"https:\/\/www.yoga50plus.de\/en\/wp-json\/wp\/v2\/types\/page"}],"author":[{"embeddable":true,"href":"https:\/\/www.yoga50plus.de\/en\/wp-json\/wp\/v2\/users\/1"}],"replies":[{"embeddable":true,"href":"https:\/\/www.yoga50plus.de\/en\/wp-json\/wp\/v2\/comments?post=1338"}],"version-history":[{"count":7,"href":"https:\/\/www.yoga50plus.de\/en\/wp-json\/wp\/v2\/pages\/1338\/revisions"}],"predecessor-version":[{"id":1349,"href":"https:\/\/www.yoga50plus.de\/en\/wp-json\/wp\/v2\/pages\/1338\/revisions\/1349"}],"wp:attachment":[{"href":"https:\/\/www.yoga50plus.de\/en\/wp-json\/wp\/v2\/media?parent=1338"}],"curies":[{"name":"wp","href":"https:\/\/api.w.org\/{rel}","templated":true}]}}