{"id":390,"date":"2021-07-02T11:43:55","date_gmt":"2021-07-02T09:43:55","guid":{"rendered":"https:\/\/yoga50plus.de\/?post_type=product&#038;p=390"},"modified":"2025-10-22T18:44:29","modified_gmt":"2025-10-22T16:44:29","slug":"hallo-alter-lebenslust-und-spannkraft-mit-yoga50plus","status":"publish","type":"product","link":"https:\/\/www.yoga50plus.de\/en\/product\/hallo-alter-lebenslust-und-spannkraft-mit-yoga50plus\/","title":{"rendered":"Hallo Alter: Lebenslust und Spannkraft mit Yoga50plus"},"content":{"rendered":"","protected":false},"excerpt":{"rendered":"<p>Hallo Alter &#8211; Lebenslust und Spannkraft mit Yoga50plus bietet:<br \/>\n&#8211; \u00fcber 400 farbige Abbildungen im Text.<br \/>\n&#8211; 21 \u00dcbungsreihen aus dem Kundalini Yoga, abgewandelt f\u00fcr die Aus\u00fcbung auf dem Stuhl.<br \/>\n&#8211; 19 Meditationen aus dem Kundalini Yoga, die uns Altern als Gewinn erleben lassen.<br \/>\n&#8211; viele seniorenfreundlich modifizierte Yoga-\u00dcbungen.<br \/>\n&#8211; mehrere seniorenspezifische Aufw\u00e4rmreihen.<br \/>\n&#8211; Venus-Kriyas: alterstaugliche Partner-Yoga\u00fcbungen.<br \/>\n&#8211; eine Vielzahl zus\u00e4tzlicher \u00dcbungen f\u00fcr die einzelnen K\u00f6rperteile.<\/p>\n<p>Format: A4 Querformat.<br \/>\n4. Auflage, gebunden (Hardcover)<br \/>\n195 Seiten &#8211; durchgehend farbig.<br \/>\nMit zahlreichen Fotos und Abbildungen.<br \/>\nDieses Buch ist auch als englische Ausgabe erh\u00e4ltllich.<\/p>\n<p style=\"padding-left: 40px;\">W\u00fcnschen Sie eine pers\u00f6nliche Widmung? Bitte im Kommentarfeld anmerken, ggf. mit Textvorgabe.<\/p>\n<p><a href=\"http:\/\/yoga50plus.de\/wp-content\/uploads\/2021\/07\/2022-Klappentext-kurz.pdf\">Klappentext (pdf)<\/a><\/p>\n<p><strong>Leseproben (pdf):<\/strong><\/p>\n<ul>\n<li><a href=\"http:\/\/yoga50plus.de\/wp-content\/uploads\/2021\/07\/06.pdf\">\u00dcbungsreihe f\u00fcr Anf\u00e4nger<\/a><\/li>\n<li><a href=\"http:\/\/yoga50plus.de\/wp-content\/uploads\/2021\/07\/42.pdf\">Das Gehirn fit halten f\u00fcrs Alter<\/a><\/li>\n<\/ul>","protected":false},"featured_media":306,"template":"","meta":[],"product_brand":[],"product_cat":[19],"product_tag":[],"class_list":{"0":"post-390","1":"product","2":"type-product","3":"status-publish","4":"has-post-thumbnail","6":"product_cat-buecher","7":"product_shipping_class-buch-schwer","9":"first","10":"instock","11":"shipping-taxable","12":"purchasable","13":"product-type-simple"},"_links":{"self":[{"href":"https:\/\/www.yoga50plus.de\/en\/wp-json\/wp\/v2\/product\/390","targetHints":{"allow":["GET"]}}],"collection":[{"href":"https:\/\/www.yoga50plus.de\/en\/wp-json\/wp\/v2\/product"}],"about":[{"href":"https:\/\/www.yoga50plus.de\/en\/wp-json\/wp\/v2\/types\/product"}],"wp:featuredmedia":[{"embeddable":true,"href":"https:\/\/www.yoga50plus.de\/en\/wp-json\/wp\/v2\/media\/306"}],"wp:attachment":[{"href":"https:\/\/www.yoga50plus.de\/en\/wp-json\/wp\/v2\/media?parent=390"}],"wp:term":[{"taxonomy":"product_brand","embeddable":true,"href":"https:\/\/www.yoga50plus.de\/en\/wp-json\/wp\/v2\/product_brand?post=390"},{"taxonomy":"product_cat","embeddable":true,"href":"https:\/\/www.yoga50plus.de\/en\/wp-json\/wp\/v2\/product_cat?post=390"},{"taxonomy":"product_tag","embeddable":true,"href":"https:\/\/www.yoga50plus.de\/en\/wp-json\/wp\/v2\/product_tag?post=390"}],"curies":[{"name":"wp","href":"https:\/\/api.w.org\/{rel}","templated":true}]}}